{"id":6709,"date":"2025-10-24T20:21:20","date_gmt":"2025-10-24T20:21:20","guid":{"rendered":"https:\/\/kristaloterapija.rs\/?page_id=6709"},"modified":"2025-10-24T20:23:24","modified_gmt":"2025-10-24T20:23:24","slug":"skola-kristaloterapije","status":"publish","type":"page","link":"https:\/\/kristaloterapija.rs\/en\/skola-kristaloterapije\/","title":{"rendered":"\u0160kola Kristaloterapije"},"content":{"rendered":"<p>Danas znamo da postoji potreba za korisnim i razumljivim informacijama o kristalima i njihovoj upotrebi. Na ovim studijama kristaloterapije olak\u0161a\u0107emo razumevanje i upotrebu kristala. Svi imamo sposobnost da koristimo kristale za pobolj\u0161anje svog \u017eivota.<\/p>\n\n\n\n<p>Ukoliko ste zainteresovani da kristalima pobolj\u0161ate svoj \u017eivot, svoj duh i blagostanje, preuzmete kontrolu nad svojim \u017eivotom i upravljate svojom sudbinom, onda je ovakav na\u010din rada savr\u0161en za vas. Nekada je svet kristala te\u0161ko razumljiv, ali se tokom izu\u010davanja sa mnom postepeno razumeju i uporedo sa tim razumevanjem otvaraju vam vrata novog sveta. Sveta u kom je za vas mogu\u0107e ostvariti svoje ciljeve, pobolj\u0161ati i odr\u017eati svoje zdravlje i savladati tehnike koje mo\u017eete koristiti kako biste pomogli i drugima.<\/p>\n\n\n\n<p>Predznanje vam nije potrebno. Ono \u0161to vam je potrebno je ljubav prema kristalima i re\u0161enost da se odlu\u010dite na ovaj korak. Napominjemo da ova vrsta obuke nije za one koji kristaloterapiju shvataju povr\u0161no i u ovome vide samo na\u010din za ostvarivanje li\u010dne materijalne dobiti. Sistemati\u010dnost i dinamika obuke odgovara\u0107e samo onima koji su zaista posve\u0107eni ovom u\u010denju.<\/p>\n\n\n\n<p>Uvodi\u0107u vas postepeno u svet kristala, njihove tajne i njihove pri\u010de i kako ih upotrebljavati i kombinovati u vlastitom \u017eivotu, za po\u010detak. Potom \u0107emo razviti i unaprediti to znanje i ustanoviti eti\u010dka i isceliteljska pravila za rad sa drugima.<\/p>\n\n\n\n<p>Obuka se sastoji od 10 modula. Trajanje jednog modula je 10 sati aktivnog rada, teoretskog i prakti\u010dnog.<\/p>\n\n\n\n<p>Moduli se odr\u017eavaju dva puta mese\u010dno, vikendom, jer je dinamika rada takva da morate uraditi odre\u0111ene ve\u017ebe koje zahtevaju vreme i evaluaciju tog rada. Kako se obuka poha\u0111a online, sati se dogovorno raspore\u0111uju ili se, u zavisnosti od grupe, nastava mo\u017ee dodatno podeliti.<\/p>\n\n\n\n<p>Plan rada:<\/p>\n\n\n\n<ol class=\"wp-block-list\">\n<li>MODUL \u2013 Uvod u kristaloterapiju:\n<ul class=\"wp-block-list\">\n<li>izbor i kupovina kristala<\/li>\n\n\n\n<li>odr\u017eavanje kristala \u2013 fizi\u010dko, energetsko i duhovno \u010di\u0161\u0107enje kristala<\/li>\n\n\n\n<li>energija kristala i povezivanje sa kristalnom energijom<\/li>\n\n\n\n<li>\u010di\u0161\u0107enje \u017eivotnog i radnog prostora kristalima<\/li>\n<\/ul>\n<\/li>\n\n\n\n<li>MODUL \u2013 Isceliteljska mo\u0107 kristala:\n<ul class=\"wp-block-list\">\n<li>rad sa kristalnim bojama<\/li>\n\n\n\n<li>uvod u \u010dakre<\/li>\n\n\n\n<li>kristalni sistemi prema ljudskim potrebama<\/li>\n<\/ul>\n<\/li>\n\n\n\n<li>MODUL \u2013 Terapija kristalima I deo:\n<ul class=\"wp-block-list\">\n<li>pa\u017enja, svesnost, namera i isceljuju\u0107e okru\u017eenje<\/li>\n\n\n\n<li>kristalni rituali<\/li>\n\n\n\n<li>rad na \u010dakrama<\/li>\n\n\n\n<li>kristalni visak<\/li>\n<\/ul>\n<\/li>\n\n\n\n<li>MODUL \u2013 Terapija kristalima II deo\n<ul class=\"wp-block-list\">\n<li>osnovni principi kristalnih \u0161ema isceljivanja<\/li>\n\n\n\n<li>uvod u elemente<\/li>\n\n\n\n<li>korespodencija sa \u010dakrama<\/li>\n<\/ul>\n<\/li>\n\n\n\n<li>MODUL \u2013 Terapija kristalima III deo\n<ul class=\"wp-block-list\">\n<li>osnovni principi kristalnih \u0161ema isceljivanja<\/li>\n\n\n\n<li>kristalne \u0161eme isceljivanja<\/li>\n\n\n\n<li>Vogel i rad sa vogel kristalom<\/li>\n<\/ul>\n<\/li>\n\n\n\n<li>MODUL \u2013Terapija kristalima IV deo:\n<ul class=\"wp-block-list\">\n<li>primena svete geometrije<\/li>\n\n\n\n<li>uticaj mese\u010devih faza<\/li>\n\n\n\n<li>Kristalne \u0161eme isceljivanja<\/li>\n<\/ul>\n<\/li>\n\n\n\n<li>MODUL \u2013 Terapija kristalima V deo:\n<ul class=\"wp-block-list\">\n<li>ljudsko telo<\/li>\n\n\n\n<li>biohemijski procesi<\/li>\n\n\n\n<li>nastanak bolesti<\/li>\n<\/ul>\n<\/li>\n\n\n\n<li>MODUL \u2013 Terapija kristalima VI deo:\n<ul class=\"wp-block-list\">\n<li>kristalne klase<\/li>\n\n\n\n<li>kristalne \u0161eme isceljivanja \u010dakri<\/li>\n\n\n\n<li>rad sa aurom<\/li>\n<\/ul>\n<\/li>\n\n\n\n<li>MODUL \u2013 Terapija kristalima VII deo:\n<ul class=\"wp-block-list\">\n<li>kristalne \u0161eme isceljivanja<\/li>\n\n\n\n<li>isceljivanje kristalnim talismanima<\/li>\n<\/ul>\n<\/li>\n\n\n\n<li>MODUL \u2013 Terapija kristalima VIII deo:\n<ul class=\"wp-block-list\">\n<li>kristalne mre\u017ee<\/li>\n\n\n\n<li>isceljivanje kristalnim mre\u017eama<\/li>\n\n\n\n<li>eti\u010dki principi<\/li>\n<\/ul>\n<\/li>\n<\/ol>\n\n\n\n<p>Po zavr\u0161etku obuke svaki polaznik pola\u017ee zavr\u0161ni test.<\/p>\n\n\n\n<p>Nakon polo\u017eenog testa polaznici dobijaju sertifikat.<\/p>\n\n\n\n<p>Zainteresovani polaznici mogu nastaviti obuku za Master Kristalnog terapeuta.<\/p>\n\n\n\n<p>Pravi kristaloterapeut je onaj koji zna kako da uhvati energije kristala u trenucima njihove najve\u0107e snage, da uskladi\u0161ti ili fokusira tok svojih energija u kristalima koji su njima prikladni, i da te energije efikasno primeni na potrebe isceljenja u nezi, odgovaraju\u0107em okru\u017eenju i u optimalnom vremenu. Isceljivanje kristalima nije toliko misteriozno kako se \u010desto prikazuje. Umesto toga, kao i svi re\u017eimi isceljenja, zasnivaju se na istinskom razumevanju, dubokoj brizi i dobroti, pronicljivom znanju, doslednoj praksi i primeni eti\u010dkih principa terapeuta.<\/p>\n\n\n\n<p><strong>Prijave na broj telefona: +381611334672<\/strong> <\/p>\n\n\n\n<p>ili na email: <strong>info@kristaloterapija.rs<\/strong><\/p>","protected":false},"excerpt":{"rendered":"<p>Danas znamo da postoji potreba za korisnim i razumljivim informacijama o kristalima i njihovoj upotrebi. Na ovim studijama kristaloterapije olak\u0161a\u0107emo razumevanje i upotrebu kristala. Svi imamo sposobnost da koristimo kristale za pobolj\u0161anje svog \u017eivota. Ukoliko ste zainteresovani da kristalima pobolj\u0161ate svoj \u017eivot, svoj duh i blagostanje, preuzmete kontrolu nad svojim \u017eivotom i upravljate svojom sudbinom, [&hellip;]<\/p>\n","protected":false},"author":1,"featured_media":6600,"parent":0,"menu_order":0,"comment_status":"closed","ping_status":"closed","template":"","meta":{"footnotes":""},"class_list":["post-6709","page","type-page","status-publish","has-post-thumbnail","hentry"],"_links":{"self":[{"href":"https:\/\/kristaloterapija.rs\/en\/wp-json\/wp\/v2\/pages\/6709","targetHints":{"allow":["GET"]}}],"collection":[{"href":"https:\/\/kristaloterapija.rs\/en\/wp-json\/wp\/v2\/pages"}],"about":[{"href":"https:\/\/kristaloterapija.rs\/en\/wp-json\/wp\/v2\/types\/page"}],"author":[{"embeddable":true,"href":"https:\/\/kristaloterapija.rs\/en\/wp-json\/wp\/v2\/users\/1"}],"replies":[{"embeddable":true,"href":"https:\/\/kristaloterapija.rs\/en\/wp-json\/wp\/v2\/comments?post=6709"}],"version-history":[{"count":2,"href":"https:\/\/kristaloterapija.rs\/en\/wp-json\/wp\/v2\/pages\/6709\/revisions"}],"predecessor-version":[{"id":6711,"href":"https:\/\/kristaloterapija.rs\/en\/wp-json\/wp\/v2\/pages\/6709\/revisions\/6711"}],"wp:featuredmedia":[{"embeddable":true,"href":"https:\/\/kristaloterapija.rs\/en\/wp-json\/wp\/v2\/media\/6600"}],"wp:attachment":[{"href":"https:\/\/kristaloterapija.rs\/en\/wp-json\/wp\/v2\/media?parent=6709"}],"curies":[{"name":"wp","href":"https:\/\/api.w.org\/{rel}","templated":true}]}}